{"id":593,"date":"2022-06-29T13:16:31","date_gmt":"2022-06-29T18:16:31","guid":{"rendered":"https:\/\/cbtis90.edu.mx\/?page_id=593"},"modified":"2022-07-05T18:45:00","modified_gmt":"2022-07-05T23:45:00","slug":"directorio","status":"publish","type":"page","link":"https:\/\/cbtis90.edu.mx\/index.php\/directorio\/","title":{"rendered":"Directorio"},"content":{"rendered":"\t\t<div data-elementor-type=\"wp-page\" data-elementor-id=\"593\" class=\"elementor elementor-593\">\n\t\t\t\t\t\t\t\t\t<section data-particle_enable=\"false\" data-particle-mobile-disabled=\"false\" class=\"elementor-section elementor-top-section elementor-element elementor-element-6b04158 elementor-section-boxed elementor-section-height-default elementor-section-height-default\" data-id=\"6b04158\" data-element_type=\"section\">\n\t\t\t\t\t\t<div class=\"elementor-container elementor-column-gap-default\">\n\t\t\t\t\t<div class=\"elementor-column elementor-col-100 elementor-top-column elementor-element elementor-element-a50da3b\" data-id=\"a50da3b\" data-element_type=\"column\">\n\t\t\t<div class=\"elementor-widget-wrap elementor-element-populated\">\n\t\t\t\t\t\t\t\t<div class=\"elementor-element elementor-element-e381963 elementor-widget elementor-widget-heading\" data-id=\"e381963\" data-element_type=\"widget\" data-widget_type=\"heading.default\">\n\t\t\t\t<div class=\"elementor-widget-container\">\n\t\t\t<style>\/*! elementor - v3.6.6 - 08-06-2022 *\/\n.elementor-heading-title{padding:0;margin:0;line-height:1}.elementor-widget-heading .elementor-heading-title[class*=elementor-size-]>a{color:inherit;font-size:inherit;line-height:inherit}.elementor-widget-heading .elementor-heading-title.elementor-size-small{font-size:15px}.elementor-widget-heading .elementor-heading-title.elementor-size-medium{font-size:19px}.elementor-widget-heading .elementor-heading-title.elementor-size-large{font-size:29px}.elementor-widget-heading .elementor-heading-title.elementor-size-xl{font-size:39px}.elementor-widget-heading .elementor-heading-title.elementor-size-xxl{font-size:59px}<\/style><h2 class=\"elementor-heading-title elementor-size-default\">Directorio<\/h2>\t\t<\/div>\n\t\t\t\t<\/div>\n\t\t\t\t\t<\/div>\n\t\t<\/div>\n\t\t\t\t\t\t\t<\/div>\n\t\t<\/section>\n\t\t\t\t<section data-particle_enable=\"false\" data-particle-mobile-disabled=\"false\" class=\"elementor-section elementor-top-section elementor-element elementor-element-6c6199f elementor-section-boxed elementor-section-height-default elementor-section-height-default\" data-id=\"6c6199f\" data-element_type=\"section\">\n\t\t\t\t\t\t<div class=\"elementor-container elementor-column-gap-default\">\n\t\t\t\t\t<div class=\"elementor-column elementor-col-100 elementor-top-column elementor-element elementor-element-3d423dd\" data-id=\"3d423dd\" data-element_type=\"column\">\n\t\t\t<div class=\"elementor-widget-wrap elementor-element-populated\">\n\t\t\t\t\t\t\t\t<div class=\"elementor-element elementor-element-728ecc6 elementor-widget elementor-widget-eael-advanced-data-table\" data-id=\"728ecc6\" data-element_type=\"widget\" data-widget_type=\"eael-advanced-data-table.default\">\n\t\t\t\t<div class=\"elementor-widget-container\">\n\t\t\t<div class=\"ea-advanced-data-table-wrap\" data-id=\"728ecc6\"><div class=\"ea-advanced-data-table-search-wrap ea-advanced-data-table-search-right\"><input type=\"search\" placeholder=\"B\u00fasqueda\" class=\"ea-advanced-data-table-search\"><\/div><div class=\"ea-advanced-data-table-wrap-inner\">\n                <table class=\"ea-advanced-data-table ea-advanced-data-table-static ea-advanced-data-table-728ecc6 ea-advanced-data-table-sortable ea-advanced-data-table-paginated ea-advanced-data-table-searchable\" data-id=\"728ecc6\" data-items-per-page=\"5\"><thead><tr><th>Nombre<\/th><th>Cargo<\/th><th>Correo Electr\u00f3nico<\/th><\/tr><\/thead><tbody><tr><td><p>C. Genkis Rom\u00e1n Espa\u00f1a Fuentes.<\/p><\/td><td>Director del Plantel<\/td><td>cbtis090.dir@dgeti.sems.gob.mx<\/td><\/tr><tr><td>C.Venancio Aguirre Rojas. <\/td><td>Subdirector Academico<\/td><td>cbtis090.subdir@dgeti.sems.gob.mx<\/td><\/tr><tr><td>C. Roberto Mendez Valencia <\/td><td>Jefe de Servicios Docentes<\/td><td>cbtis090.docentes@dgeti.sems.gob.mx<\/td><\/tr><tr><td>C. Maria Lisbeth Parra Malpica. <\/td><td>Jefe de Servicios Escolares<\/td><td>cbtis090.escolares@dgeti.sems.gob.mx<\/td><\/tr><tr><td>C. Berenise Borges Contreras.<\/td><td>Jefe de Vinculaci\u00f3n<\/td><td>cbtis090.vinculacion@dgeti.sems.gob.mx<\/td><\/tr><tr><td>C. Sergio Winston Alfaro Escobar<\/td><td>Jefe de Recursos Humanos<\/td><td>cbtis090.rhumanos@dgeti.sems.gob.mx<\/td><\/tr><tr><td> <\/td><td>Jefatura de Planeaci\u00f3n<\/td><td>cbtis090.planeacion@dgeti.sems.gob.mx<\/td><\/tr><\/tbody><\/table>\n            <\/div><div class=\"ea-advanced-data-table-pagination ea-advanced-data-table-pagination-button clearfix\"><\/div><\/div>\t\t<\/div>\n\t\t\t\t<\/div>\n\t\t\t\t\t<\/div>\n\t\t<\/div>\n\t\t\t\t\t\t\t<\/div>\n\t\t<\/section>\n\t\t\t\t\t\t\t<\/div>\n\t\t","protected":false},"excerpt":{"rendered":"<p>Directorio Nombre Cargo Correo Electr\u00f3nico C. Genkis Rom\u00e1n Espa\u00f1a Fuentes. Director del Plantel cbtis090.dir@dgeti.sems.gob.mx C.Venancio Aguirre Rojas. Subdirector Academico cbtis090.subdir@dgeti.sems.gob.mx C. Roberto Mendez Valencia Jefe de Servicios Docentes cbtis090.docentes@dgeti.sems.gob.mx C. Maria Lisbeth Parra Malpica. Jefe de Servicios Escolares cbtis090.escolares@dgeti.sems.gob.mx C. Berenise Borges Contreras. Jefe de Vinculaci\u00f3n cbtis090.vinculacion@dgeti.sems.gob.mx C. Sergio Winston Alfaro Escobar Jefe de Recursos [&hellip;]<\/p>\n","protected":false},"author":1,"featured_media":0,"parent":0,"menu_order":0,"comment_status":"closed","ping_status":"closed","template":"","meta":[],"_links":{"self":[{"href":"https:\/\/cbtis90.edu.mx\/index.php\/wp-json\/wp\/v2\/pages\/593"}],"collection":[{"href":"https:\/\/cbtis90.edu.mx\/index.php\/wp-json\/wp\/v2\/pages"}],"about":[{"href":"https:\/\/cbtis90.edu.mx\/index.php\/wp-json\/wp\/v2\/types\/page"}],"author":[{"embeddable":true,"href":"https:\/\/cbtis90.edu.mx\/index.php\/wp-json\/wp\/v2\/users\/1"}],"replies":[{"embeddable":true,"href":"https:\/\/cbtis90.edu.mx\/index.php\/wp-json\/wp\/v2\/comments?post=593"}],"version-history":[{"count":7,"href":"https:\/\/cbtis90.edu.mx\/index.php\/wp-json\/wp\/v2\/pages\/593\/revisions"}],"predecessor-version":[{"id":614,"href":"https:\/\/cbtis90.edu.mx\/index.php\/wp-json\/wp\/v2\/pages\/593\/revisions\/614"}],"wp:attachment":[{"href":"https:\/\/cbtis90.edu.mx\/index.php\/wp-json\/wp\/v2\/media?parent=593"}],"curies":[{"name":"wp","href":"https:\/\/api.w.org\/{rel}","templated":true}]}}