{"id":474,"date":"2022-06-28T18:09:48","date_gmt":"2022-06-28T23:09:48","guid":{"rendered":"https:\/\/cbtis90.edu.mx\/?page_id=474"},"modified":"2022-06-28T18:14:02","modified_gmt":"2022-06-28T23:14:02","slug":"mision-institucional","status":"publish","type":"page","link":"https:\/\/cbtis90.edu.mx\/index.php\/mision-institucional\/","title":{"rendered":"Misi\u00f3n Institucional"},"content":{"rendered":"\t\t<div data-elementor-type=\"wp-page\" data-elementor-id=\"474\" class=\"elementor elementor-474\">\n\t\t\t\t\t\t\t\t\t<section data-particle_enable=\"false\" data-particle-mobile-disabled=\"false\" class=\"elementor-section elementor-top-section elementor-element elementor-element-14aefa7 elementor-section-boxed elementor-section-height-default elementor-section-height-default\" data-id=\"14aefa7\" data-element_type=\"section\">\n\t\t\t\t\t\t<div class=\"elementor-container elementor-column-gap-default\">\n\t\t\t\t\t<div class=\"elementor-column elementor-col-100 elementor-top-column elementor-element elementor-element-119cffe\" data-id=\"119cffe\" data-element_type=\"column\">\n\t\t\t<div class=\"elementor-widget-wrap elementor-element-populated\">\n\t\t\t\t\t\t\t\t<div class=\"elementor-element elementor-element-18f15c3 elementor-widget elementor-widget-heading\" data-id=\"18f15c3\" data-element_type=\"widget\" data-widget_type=\"heading.default\">\n\t\t\t\t<div class=\"elementor-widget-container\">\n\t\t\t<style>\/*! elementor - v3.6.6 - 08-06-2022 *\/\n.elementor-heading-title{padding:0;margin:0;line-height:1}.elementor-widget-heading .elementor-heading-title[class*=elementor-size-]>a{color:inherit;font-size:inherit;line-height:inherit}.elementor-widget-heading .elementor-heading-title.elementor-size-small{font-size:15px}.elementor-widget-heading .elementor-heading-title.elementor-size-medium{font-size:19px}.elementor-widget-heading .elementor-heading-title.elementor-size-large{font-size:29px}.elementor-widget-heading .elementor-heading-title.elementor-size-xl{font-size:39px}.elementor-widget-heading .elementor-heading-title.elementor-size-xxl{font-size:59px}<\/style><h2 class=\"elementor-heading-title elementor-size-default\">Misi\u00f3n Institucional<\/h2>\t\t<\/div>\n\t\t\t\t<\/div>\n\t\t\t\t<div class=\"elementor-element elementor-element-dd82681 elementor-widget elementor-widget-image\" data-id=\"dd82681\" data-element_type=\"widget\" data-widget_type=\"image.default\">\n\t\t\t\t<div class=\"elementor-widget-container\">\n\t\t\t<style>\/*! elementor - v3.6.6 - 08-06-2022 *\/\n.elementor-widget-image{text-align:center}.elementor-widget-image a{display:inline-block}.elementor-widget-image a img[src$=\".svg\"]{width:48px}.elementor-widget-image img{vertical-align:middle;display:inline-block}<\/style>\t\t\t\t\t\t\t\t\t\t\t\t<img width=\"65\" height=\"81\" src=\"https:\/\/cbtis90.edu.mx\/wp-content\/uploads\/2022\/06\/dgeti.png\" class=\"attachment-1536x1536 size-1536x1536\" alt=\"\" loading=\"lazy\" \/>\t\t\t\t\t\t\t\t\t\t\t\t\t\t\t<\/div>\n\t\t\t\t<\/div>\n\t\t\t\t<div class=\"elementor-element elementor-element-81201e0 elementor-widget elementor-widget-heading\" data-id=\"81201e0\" data-element_type=\"widget\" data-widget_type=\"heading.default\">\n\t\t\t\t<div class=\"elementor-widget-container\">\n\t\t\t<p class=\"elementor-heading-title elementor-size-default\">Formar personas con conocimientos tecnol\u00f3gicos en las \u00e1reas industrial, comercial y de servicios, a trav\u00e9s de la preparaci\u00f3n de profesionales t\u00e9cnicos y bachilleres, con el fin de contribuir al desarrollo sustentable del pa\u00eds. Y cada vez estar mas preparados.<\/p>\t\t<\/div>\n\t\t\t\t<\/div>\n\t\t\t\t\t<\/div>\n\t\t<\/div>\n\t\t\t\t\t\t\t<\/div>\n\t\t<\/section>\n\t\t\t\t\t\t\t<\/div>\n\t\t","protected":false},"excerpt":{"rendered":"<p>Misi\u00f3n Institucional Formar personas con conocimientos tecnol\u00f3gicos en las \u00e1reas industrial, comercial y de servicios, a trav\u00e9s de la preparaci\u00f3n de profesionales t\u00e9cnicos y bachilleres, con el fin de contribuir al desarrollo sustentable del pa\u00eds. Y cada vez estar mas preparados.<\/p>\n","protected":false},"author":1,"featured_media":0,"parent":0,"menu_order":0,"comment_status":"closed","ping_status":"closed","template":"","meta":[],"_links":{"self":[{"href":"https:\/\/cbtis90.edu.mx\/index.php\/wp-json\/wp\/v2\/pages\/474"}],"collection":[{"href":"https:\/\/cbtis90.edu.mx\/index.php\/wp-json\/wp\/v2\/pages"}],"about":[{"href":"https:\/\/cbtis90.edu.mx\/index.php\/wp-json\/wp\/v2\/types\/page"}],"author":[{"embeddable":true,"href":"https:\/\/cbtis90.edu.mx\/index.php\/wp-json\/wp\/v2\/users\/1"}],"replies":[{"embeddable":true,"href":"https:\/\/cbtis90.edu.mx\/index.php\/wp-json\/wp\/v2\/comments?post=474"}],"version-history":[{"count":10,"href":"https:\/\/cbtis90.edu.mx\/index.php\/wp-json\/wp\/v2\/pages\/474\/revisions"}],"predecessor-version":[{"id":485,"href":"https:\/\/cbtis90.edu.mx\/index.php\/wp-json\/wp\/v2\/pages\/474\/revisions\/485"}],"wp:attachment":[{"href":"https:\/\/cbtis90.edu.mx\/index.php\/wp-json\/wp\/v2\/media?parent=474"}],"curies":[{"name":"wp","href":"https:\/\/api.w.org\/{rel}","templated":true}]}}